{"id":10359,"date":"2019-11-19T15:45:35","date_gmt":"2019-11-19T14:45:35","guid":{"rendered":"https:\/\/solvis.hr\/?page_id=10359"},"modified":"2019-11-19T15:45:35","modified_gmt":"2019-11-19T14:45:35","slug":"privacy-policy","status":"publish","type":"page","link":"https:\/\/solvis.hr\/en\/privacy-policy\/","title":{"rendered":"Privacy policy"},"content":{"rendered":"<p style=\"text-align: justify;\"><em><strong>SOLVIS d.o.o.<\/strong><\/em> u svom poslovanju provodi mjere za\u0161tite osobnih podataka sukladno Op\u0107oj uredbi o za\u0161titi podataka (GDPR), zakonskim i regulatornim obvezama. Voditelj obrade: SOLVIS d.o.o., Cehovska 106, 42000 Vara\u017edin. Ako je <em>SOLVIS d.o.o.<\/em> zajedni\u010dki voditelj obrade Va\u0161ih osobnih podataka sukladno \u010dlanku 26. Op\u0107e uredbe o za\u0161titi podataka s jo\u0161 nekim drugim voditeljem obrade, na temelju zajedni\u010dke poslovne suradnje i\/ili s osnova kori\u0161tenja neke zajedni\u010dke usluge i\/ili legitimnog interesa SOLVIS-a, dodatne informacije u vezi sa za\u0161titom i obradom Va\u0161ih osobnih podataka osim od SOLVIS-a, mo\u017eete zatra\u017eiti i od drugog voditelja obrade navedenog u dijelu ove Politike pod naslovom Pravila o zajedni\u010dkim voditeljima obrade. SOLVIS <em>d.o.o.<\/em> je imenovao Slu\u017ebenika za za\u0161titu osobnih podataka. Vezano za sva pitanja koja se ti\u010du obrade Va\u0161ih osobnih podataka i ostvarivanja prava predvi\u0111enih Op\u0107om uredbom o za\u0161titi podataka, mo\u017eete se obratiti Slu\u017ebeniku za za\u0161titu osobnih podataka na sljede\u0107e na\u010dine: pisanim putem na adresu: SOLVIS d.o.o., Cehovska 106, 42 000 Vara\u017edin, za Slu\u017ebenika za za\u0161titu podataka e-mailom na adresu: info@solvis.hr U potpunosti smo predani osiguranju kontinuirane i efektivne uspostave ove politike, te isto o\u010dekujemo od svojih zaposlenika i poslovnih partnera. Ova politika odre\u0111uje o\u010dekivano pona\u0161anje SOLVIS-a, njegovih stalnih, privremenih i povremenih zaposlenika kao i poslovnih partnera te tre\u0107ih strana u odnosu na prikupljanje, kori\u0161tenje, \u010duvanje, prijenos, otkrivanje ili uni\u0161tavanje osobnih podataka koji se obra\u0111uju u poslovnim procesima SOLVIS-a. Sastavni dio ove Politike \u010dine sljede\u0107a pravila:<\/p>\n<h3 style=\"text-align: justify;\"><strong>Pravila za\u0161tite osobnih podataka<\/strong><\/h3>\n<p style=\"text-align: justify;\">Ova pravila odnose se na prakse za\u0161tite privatnosti koje<em> SOLVIS d.o.o. <\/em>primjenjuje pri ugovaranju i pru\u017eanju usluga svojim korisnicima. Ova pravila za\u0161tite osobnih podataka definirali smo kako bi se razjasnila svrha i na\u010din uporabe osobnih podataka, kategorije osobnih podataka koje prikupljamo, vremensko razdoblje u kojem ih obra\u0111ujemo, te da Vas upoznamo sa svim na\u010dinima informiranja u svezi obrade va\u0161ih podataka.<\/p>\n<p style=\"text-align: justify;\"><strong>PODACI KOJE PRIKUPLJAMO<\/strong> Tijekom razli\u010ditih oblika interakcije sa SOLVIS-om<em> (kori\u0161tenje Internet stranica, slanje upita\/zahtjeva e-mailom, po\u0161tom, sudjelovanje u natje\u010dajima\/programima vjernosti,) <\/em>prikupljaju se osobni podaci koji podrazumijevaju, ali nisu ograni\u010deni na sljede\u0107e:<\/p>\n<ul style=\"text-align: justify;\">\n<li style=\"list-style-type: none;\">\n<ul>\n<li>Ime, prezime<\/li>\n<li>Adresa stanovanja<\/li>\n<li>OIB<\/li>\n<li>E-mail adresa<\/li>\n<li>Broj telefona<\/li>\n<\/ul>\n<\/li>\n<\/ul>\n<p style=\"text-align: justify;\"><em>SOLVIS d.o.o. <\/em>tijekom razli\u010ditih oblika interakcije mo\u017ee prikupljati i podatke koji ne spadaju u grupu osobnih podataka, koji podrazumijevaju, ali nisu ograni\u010deni na sljede\u0107e:<\/p>\n<ul style=\"text-align: justify;\">\n<li style=\"list-style-type: none;\">\n<ul>\n<li>Podatke o ure\u0111aju putem kojeg se spajate na Internet<\/li>\n<li>Vrstu i verziju Internet preglednika koji koristite<\/li>\n<li>Na\u010dine kori\u0161tenja Internet stranice SOLVIS-a<\/li>\n<\/ul>\n<\/li>\n<\/ul>\n<p style=\"text-align: justify;\"><strong>PRAVNE OSNOVE ZA OBRADU OSOBNIH PODATAKA<\/strong> Osobne podatke obra\u0111ujemo i koristimo samo u svrhe za koje su prikupljeni. Obrada osobnih podataka je dopu\u0161tena samo i u mjeri u kojoj je ispunjeno najmanje jedno od sljede\u0107eg:<\/p>\n<ul style=\"text-align: justify;\">\n<li style=\"list-style-type: none;\">\n<ul>\n<li>Obrada je nu\u017ena za potrebe legitimnih poslovnih interesa SOLVIS <em>d.o.o.<\/em> ili tre\u0107e strane, osim kada su od tih interesa ja\u010di interesi ili temeljna prava i sloboda korisnika koji zahtijevaju za\u0161titu osobnih podataka \u2013 primjerice obrada podataka u marketin\u0161ke svrhe, kada svoje korisnike obavje\u0161tavamo o posebnim ponudama ili pozivamo na doga\u0111aje za koje o\u010dekujemo da bi isti mogli biti zainteresirani;<\/li>\n<li>Na temelju informacija o opsegu obrade dana je izri\u010dita privola od strane korisnika &#8211; primjerice privola nositelja roditeljske skrbi za objavu podataka djece mla\u0111e od 16 godina.<\/li>\n<\/ul>\n<\/li>\n<\/ul>\n<p style=\"text-align: justify;\"><strong>KORI\u0160TENJE PODATAKA<\/strong> SOLVIS <em>d.o.o.<\/em> koristi osobne podatke za sljede\u0107e svrhe:<\/p>\n<ul style=\"text-align: justify;\">\n<li style=\"list-style-type: none;\">\n<ul>\n<li>Marketin\u0161ke i prodajne aktivnosti \u2013 SOLVIS <em>d.o.o.<\/em> osobne podatke mo\u017ee upotrijebiti s ciljem obavje\u0161tavanja o novim pogodnostima, sadr\u017eajima, popustima ili sli\u010dnim aktivnostima<\/li>\n<li>Za\u0161tita zaposlenika \u2013 SOLVIS <em>d.o.o. <\/em>osobne podatke pojedinaca mo\u017ee otkriti ako vjeruje da je neophodno ili prikladno kako bi se za\u0161titili zdravlje i sigurnost zaposlenika, posjetitelja, imovine i\/ili korisnika<\/li>\n<li>Zakonske obveze izvje\u0161tavanja i obrade podataka<\/li>\n<\/ul>\n<\/li>\n<\/ul>\n<p style=\"text-align: justify;\"><strong>NA\u010cINI PRIKUPLJANJA PODATAKA<\/strong> Osobni podaci se prikupljaju na jedan od sljede\u0107ih na\u010dina:<\/p>\n<ul style=\"text-align: justify;\">\n<li style=\"list-style-type: none;\">\n<ul>\n<li><strong>Izravno od pojedinca<\/strong>\u2013 telefonskim razgovorom sa pojedincem, sudjelovanjem u nagradnom natje\u010daju\/programu vjernosti.<\/li>\n<li><strong>Neizravno<\/strong>\u2013 podaci koji su javno dostupni na internetskim stranicama koje ne pripadaju SOLVIS-u (npr. objave na dru\u0161tvenim mre\u017eama, otvorenim forumima), podaci dobiveni kori\u0161tenjem kola\u010di\u0107a, poveznica i sli\u010dnih tehnologija<\/li>\n<\/ul>\n<\/li>\n<\/ul>\n<p style=\"text-align: justify;\"><strong>ZAHTJEVI ISPITANIKA<\/strong> SOLVIS <em>d.o.o. <\/em>osigurava ostvarivanje prava korisnika u odnosu na:<\/p>\n<ul style=\"text-align: justify;\">\n<li style=\"list-style-type: none;\">\n<ul>\n<li>Pristup informacijama;<\/li>\n<li>Prigovor na obradu;<\/li>\n<li>Ograni\u010denje obrade;<\/li>\n<li>Prijenos podataka;<\/li>\n<li>Ispravljanje podataka;<\/li>\n<li>Brisanje podataka.<\/li>\n<\/ul>\n<\/li>\n<\/ul>\n<p style=\"text-align: justify;\">Korisnik zahtjeve za ostvarenje prava podnosi pisanim ili usmenim putem. Ako pojedinac podnese zahtjev koji se odnosi na bilo koje gore navedeno pravo, SOLVIS <em>d.o.o. <\/em>\u0107e razmotriti svaki takav zahtjev u skladu sa svim primjenjivim zakonima i propisima o za\u0161titi podataka. SOLVIS <em>d.o.o.<\/em> zadr\u017eava pravo naplate tro\u0161kova za obradu zahtjeva korisnika u iznimnim slu\u010dajevima kada su zahtjevi nerazumni. Korisnici imaju pravo na informiranje temeljem podnesenog zahtjeva, a nakon uspje\u0161ne provjere njihovog identiteta, o sljede\u0107em:<\/p>\n<ul style=\"text-align: justify;\">\n<li style=\"list-style-type: none;\">\n<ul>\n<li>Svrsi obrade osobnih podataka;<\/li>\n<li>Izvoru osobnih podataka, ako nije dobiven od korisnika;<\/li>\n<li>Kategoriji osobnih podataka;<\/li>\n<li>Primateljima ili kategorijama primatelja kojima su ili mogu biti preneseni osobni podaci, zajedno s lokacijom tih primatelja;<\/li>\n<li>Predvi\u0111enom razdoblje pohrane osobnih podataka ili obrazlo\u017eenje za odre\u0111ivanje razdoblja pohrane;<\/li>\n<li>Upotrebi bilo kakvog automatiziranog odlu\u010divanja, uklju\u010duju\u0107i profiliranje.<\/li>\n<\/ul>\n<\/li>\n<\/ul>\n<p style=\"text-align: justify;\">Svi zahtjevi za pristup ili ispravak osobnih podataka moraju biti upu\u0107eni <em>Slu\u017ebeniku za za\u0161titu osobnih podataka<\/em>, koji \u0107e evidentirati svaki zahtjev po primitku. Odgovor na svaki zahtjev dostavlja se u roku od 30 dana od primitka pismenog zahtjeva korisnika.<\/p>\n<p style=\"text-align: justify;\"><strong>OBRADA OSOBNIH PODATAKA NA TEMELJU PRIVOLE KORISNIKA<\/strong> U odre\u0111enim slu\u010dajevima SOLVIS <em>d.o.o.<\/em> mo\u017ee tra\u017eiti privolu korisnika ili njihovih nositelja roditeljske odgovornosti za obradu osobnih podataka u odre\u0111ene svrhe. Kada se obrada osobnih podataka korisnika temelji na privoli, korisnik \/ nositelj roditeljske odgovornosti u svakom trenutku mo\u017ee povu\u0107i danu privolu, no to ne\u0107e utjecati na zakonitost obrade koja se temeljila na privoli prije nego li je ona povu\u010dena.<\/p>\n<p style=\"text-align: v;\"><strong>ZADR\u017dAVANJE PODATAKA<\/strong> SOLVIS <em>d.o.o. <\/em>ne\u0107e zadr\u017eati osobne podatke du\u017ee nego \u0161to je to neophodno u odnosu na svrhe za koje su izvorno prikupljeni. SOLVIS<em>\u00a0d.o.o.<\/em> \u0107e va\u0161e Osobne podatke zadr\u017eati dok god su oni potrebni za pru\u017eanje proizvoda ili usluga; dok god je potrebno sukladno ovim Pravilima ili vremenu prikupljanja; dok god je potrebno zbog na\u0161ih zakonskih obaveza, rje\u0161avanja sporova i provo\u0111enja na\u0161ih ugovora; ili do one mjere koju dopu\u0161ta zakon. Kad razdoblje zadr\u017eavanja istekne, SOLVIS <em>d.o.o.<\/em> \u0107e osobne podatke izbrisati na na\u010din koji osigurava da se oni ne mogu rekonstruirati niti pro\u010ditati.<\/p>\n<p style=\"text-align: justify;\"><strong>ZA\u0160TITA PODATAKA<\/strong> SOLVIS <em>d.o.o.<\/em> provodi fizi\u010dke, tehni\u010dke i organizacijske mjere koje jam\u010de sigurnost osobnih podataka (npr. prevenciju gubitka ili o\u0161te\u0107enja, neovla\u0161tene izmjene, pristupa ili obrade i drugih prijetnji kojima mogu biti izlo\u017eeni osobni podaci uzrokovani ljudskim djelovanjem ili fizi\u010dkim\/prirodnim okru\u017eenjem). Sigurnosne mjere koje se provode imaju za cilj:<\/p>\n<ul style=\"text-align: justify;\">\n<li style=\"list-style-type: none;\">\n<ul>\n<li>Sprije\u010diti neovla\u0161tene osobe da dobiju pristup sustavu obrade podataka u kojima se obra\u0111uju osobni podaci;<\/li>\n<li>Sprije\u010diti osobe koje imaju pravo koristiti sustav obrade podataka od pristupa osobnim podacima koji su izvan njihovih potreba i ovla\u0161tenja;<\/li>\n<li>Osigurati da se osobni podaci tijekom elektronskog prijenosa ili tijekom prijenosa ne mogu \u010ditati, kopirati, mijenjati ili ukloniti bez odobrenja;<\/li>\n<li>Osigurati dostupnost zapisa sustava u svrhu utvr\u0111ivanja od koga su uneseni, mijenjani ili uklonjeni osobni podaci iz sustava obrade podataka;<\/li>\n<li>Osigurati da u slu\u010daju kada obradu obavlja izvr\u0161itelj obrade, podaci se mogu obra\u0111ivati \u200b\u200bsamo u skladu s uputama voditelja obrade;<\/li>\n<li>Osigurati da su osobni podaci za\u0161ti\u0107eni od ne\u017eeljenog uni\u0161tavanja ili gubitka;<\/li>\n<li>Osigurati da osobni podaci prikupljeni za razli\u010dite svrhe mogu biti obra\u0111eni odvojeno;<\/li>\n<li>Osigurati da se osobni podaci ne dr\u017ee du\u017ee nego \u0161to je potrebno.<\/li>\n<\/ul>\n<\/li>\n<\/ul>\n<p style=\"text-align: justify;\"><strong>ZAHTJEVI OD STRANE PRAVOSUDNIH TIJELA<\/strong> U odre\u0111enim okolnostima, dopu\u0161teno je da se osobni podaci dijele bez znanja ili suglasnosti korisnika. I to kada je otkrivanje osobnih podataka potrebno u bilo kojoj od sljede\u0107ih svrha:<\/p>\n<ul style=\"text-align: justify;\">\n<li style=\"list-style-type: none;\">\n<ul>\n<li>Sprje\u010davanje ili otkrivanje zlo\u010dina.<\/li>\n<li>Uhi\u0107enje ili progon prekr\u0161itelja.<\/li>\n<li>Procjena ili naplata poreza ili pristojbi.<\/li>\n<li>Po nalogu suda ili bilo kojeg zakona.<\/li>\n<\/ul>\n<\/li>\n<\/ul>\n<p style=\"text-align: justify;\"><strong>RUKOVANJE PRITU\u017dBAMA<\/strong> U slu\u010daju pritu\u017ebi vezanih uz pridr\u017eavanje ovih i drugih pravila vezanih za za\u0161titu osobnih podataka, molimo da nam se javite na e-mail adresu: info@solvis.hr. U slu\u010daju pritu\u017ebe, istra\u017eit \u0107emo cijelu situaciju koja se odnosi na upotrebu i otkrivanje osobnih podataka sukladno ovim pravilima te \u0107emo ih poku\u0161ati rije\u0161iti u najkra\u0107em mogu\u0107em roku.<\/p>\n<p style=\"text-align: justify;\"><strong>ZA\u0160TITA OSOBNIH PODATAKA DJECE<\/strong> Sukladno \u010dlanku 19., stavku 1. Zakona o provedbi Op\u0107e uredbe o za\u0161titi podataka (NN 42\/2018), SOLVIS <em>d.o.o. <\/em>po pitanju za\u0161tite osobnih podataka, djecom smatra sve osobe mla\u0111e od 16 godina, te ne tra\u017ei niti prikuplja osobne podatke djece ili o njima bez suglasnosti nositelja roditeljske odgovornosti. Stoga \u0107e SOLVIS <em>d.o.o.<\/em> poduzeti sve razumne napore, kako bi podatke koje dobije od djece obra\u0111ivalo samo uz suglasnost nositelja roditeljske odgovornosti. Ako SOLVIS<em>\u00a0d.o.o. <\/em>sazna da su mu poslani osobni podaci djece, ali bez valjane suglasnosti nositelja roditeljske odgovornosti, u razumnoj \u0107e mjeri nastojati u\u010diniti sljede\u0107e:<\/p>\n<ul style=\"text-align: justify;\">\n<li style=\"list-style-type: none;\">\n<ul>\n<li>izbrisati te osobne podatke iz svojih datoteka \u0161to je prije mogu\u0107e; i<\/li>\n<li>osigurati, u slu\u010daju da brisanje nije mogu\u0107e, da se ti osobni podaci dalje ne koriste za bilo koju svrhu;<\/li>\n<li>te ih u svakom slu\u010daju ne\u0107e davati nijednoj tre\u0107oj strani.<\/li>\n<\/ul>\n<\/li>\n<\/ul>\n<p style=\"text-align: justify;\">Ako roditelj ili skrbnik ima pitanja vezana uz na\u0161u obradu osobnih podataka njihovog djeteta, neka nam se slobodno obrati na adresu Slu\u017ebenika za za\u0161titu osobnih podataka.<\/p>\n<p style=\"text-align: justify;\"><strong>GDJE \u0106E SE OBRA\u0110IVATI VA\u0160I OSOBNI PODACI<\/strong> Va\u0161e podatke obra\u0111ujemo unutar Europskog gospodarskog pojasa. U slu\u010daju eventualne potrebe prijenosa osobnih podataka izvan tog podru\u010dja, takav prijenos \u0107e se odvijati samo ako je Europska komisija potvrdila da tre\u0107a zemlja ispunjava odre\u0111enu razinu za\u0161tite podataka ili ako postoje odgovaraju\u0107e mjere za\u0161tite u skladu s primjenjivim pravom (npr. obvezuju\u0107a korporativna pravila, standardne ugovorne klauzule).<\/p>\n<p style=\"text-align: justify;\"><strong>PRAVO NA PODNO\u0160ENJE PRIGOVORA NADZORNOM TIJELU<\/strong> U svakom trenutku mo\u017eete podnijeti prigovor na obradu Va\u0161ih osobnih podataka ako ste mi\u0161ljenja da smo prilikom obrade Va\u0161ih podataka prekr\u0161ili hrvatske ili europske propise o za\u0161titi podataka nadzornom tijelu Agenciji za za\u0161titu osobnih podataka, Marti\u0107eva 14, Zagreb, <strong><u><a href=\"mailto:azop@azop.hr\">azop@azop.hr<\/a><\/u><\/strong><\/p>\n<h3 style=\"text-align: justify;\"><strong>Pravila privatnosti na webu<\/strong><\/h3>\n<p style=\"text-align: justify;\">Va\u0161i osobni podaci se prikupljaju i koriste samo na temelju podataka koje ste dobrovoljno dali SOLVIS-u, bilo registracijom (prilikom registracije koristit \u0107e se osobni podaci kao \u0161to su: ime i prezime, adresa, grad, e-mail, godina ro\u0111enja) ili kori\u0161tenjem Internet stranice. Prikupljeni osobni podaci se \u010duvaju u elektroni\u010dkom obliku, te se primjenjuju sve odgovaraju\u0107e tehni\u010dke i organizacijske mjere kako bi se sprije\u010dila povreda osobnih podataka. Zaprimljene e-mailove s Va\u0161im osobnim podacima SOLVIS <em>d.o.o.<\/em> \u0107e koristiti samo u svrhu ispunjavanja Va\u0161ih zahtjeva.<\/p>\n<p style=\"text-align: justify;\">KOLA\u010cI\u0106I<\/p>\n<p style=\"text-align: justify;\">Kola\u010di\u0107i (engl. cookies) omogu\u0107uju prikupljanje statisti\u010dkih podataka o pona\u0161anju korisnika na Internet stranicama (npr. na kojim dijelovima Internet stranice se korisnici zadr\u017eavaju najdu\u017ee, a gdje najkra\u0107e), koji se Internet preglednik (npr. Internet Explorer, Opera, Safari, Google Chrome, Firefox) koristi i sli\u010dno. Kola\u010di\u0107 je mali paket podataka poslan sa poslu\u017eitelja na ra\u010dunalo korisnika, a slu\u017ei kao anonimni identifikator. Svrha kola\u010di\u0107a je pobolj\u0161anje korisni\u010dkog iskustva prilikom upotrebe Internet stranice. Kola\u010di\u0107i na Internet stranicama SOLVIS-a su anonimizirani te se ne koriste s ciljem pristupa korisni\u010dkim podacima ili kako bi se pratile aktivnosti korisnika nakon napu\u0161tanja. Internet stranica SOLVIS-a prati statisti\u010dku posje\u0107enost stranice isklju\u010divo radi dobivanja nu\u017enih informacija o privla\u010dnosti i uspje\u0161nosti svoje stranice. Vlasnici pretra\u017eiva\u010dkih trgova\u010dkih dru\u0161tava informiraju vas o na\u010dinu upravljanja kola\u010di\u0107ima. Vi\u0161e pro\u010ditajte na povezanim linkovima.<\/p>\n<ul style=\"text-align: justify;\">\n<li><strong><u><a href=\"https:\/\/support.google.com\/chrome\/answer\/95647?hl=en\">Google Chrome<\/a><\/u><\/strong><\/li>\n<li><strong><u><a href=\"https:\/\/support.microsoft.com\/en-us\/kb\/260971\">Internet Explorer<\/a><\/u><\/strong><\/li>\n<li><strong><u><a href=\"https:\/\/support.mozilla.org\/en-US\/kb\/cookies-information-websites-store-on-your-computer\">Mozilla Firefox<\/a><\/u><\/strong><\/li>\n<li><strong><u><a href=\"https:\/\/support.apple.com\/kb\/PH5042?locale=en_US\">Safari (Desktop)<\/a><\/u><\/strong><\/li>\n<li><strong><u><a href=\"https:\/\/support.apple.com\/en-us\/HT201265\">Safari (Mobile)<\/a><\/u><\/strong><\/li>\n<li><strong><u><a href=\"http:\/\/support.google.com\/ics\/nexus\/bin\/answer.py?hl=en&amp;answer=2425067\">Android Browser<\/a><\/u><\/strong><\/li>\n<li><strong><u><a href=\"http:\/\/www.opera.com\/help\">Opera<\/a><\/u><\/strong><\/li>\n<li><strong><u><a href=\"http:\/\/www.opera.com\/help\/mobile\/android#privacy\">Opera Mobile<\/a><\/u><\/strong><\/li>\n<\/ul>\n<p style=\"text-align: justify;\">Za preostale pretra\u017eiva\u010de, molimo vas konzultirajte se s pripadaju\u0107om dokumentacijom koju vam pru\u017ea doti\u010dno trgova\u010dko dru\u0161tvo u \u010dijem je vlasni\u0161tvu pretra\u017eiva\u010dki sustav.<\/p>\n","protected":false},"excerpt":{"rendered":"<p>SOLVIS d.o.o. u svom poslovanju provodi mjere za\u0161tite osobnih podataka sukladno Op\u0107oj uredbi o za\u0161titi podataka (GDPR), zakonskim i regulatornim obvezama. Voditelj obrade: SOLVIS d.o.o., Cehovska 106, 42000 Vara\u017edin. Ako je SOLVIS d.o.o. zajedni\u010dki voditelj obrade Va\u0161ih osobnih podataka sukladno \u010dlanku 26. Op\u0107e uredbe o za\u0161titi podataka s jo\u0161 nekim drugim voditeljem obrade, na temelju [&hellip;]<\/p>\n","protected":false},"author":1,"featured_media":0,"parent":0,"menu_order":0,"comment_status":"closed","ping_status":"closed","template":"","meta":{"footnotes":""},"class_list":["post-10359","page","type-page","status-publish","hentry"],"_links":{"self":[{"href":"https:\/\/solvis.hr\/en\/wp-json\/wp\/v2\/pages\/10359\/"}],"collection":[{"href":"https:\/\/solvis.hr\/en\/wp-json\/wp\/v2\/pages\/"}],"about":[{"href":"https:\/\/solvis.hr\/en\/wp-json\/wp\/v2\/types\/page\/"}],"author":[{"embeddable":true,"href":"https:\/\/solvis.hr\/en\/wp-json\/wp\/v2\/users\/1\/"}],"replies":[{"embeddable":true,"href":"https:\/\/solvis.hr\/en\/wp-json\/wp\/v2\/comments\/?post=10359"}],"version-history":[{"count":0,"href":"https:\/\/solvis.hr\/en\/wp-json\/wp\/v2\/pages\/10359\/revisions\/"}],"wp:attachment":[{"href":"https:\/\/solvis.hr\/en\/wp-json\/wp\/v2\/media\/?parent=10359"}],"curies":[{"name":"wp","href":"https:\/\/api.w.org\/{rel}","templated":true}]}}