{"id":6681,"date":"2019-04-05T14:01:26","date_gmt":"2019-04-05T12:01:26","guid":{"rendered":"http:\/\/localhost\/Solvis\/?page_id=6681"},"modified":"2024-01-22T12:56:23","modified_gmt":"2024-01-22T11:56:23","slug":"istra-and-shore","status":"publish","type":"page","link":"https:\/\/solvis.hr\/en\/croatia\/istra-and-shore\/","title":{"rendered":"Istra and shore"},"content":{"rendered":"<div id='layer_slider_1'  class='avia-layerslider main_color avia-shadow  avia-builder-el-0  el_before_av_masonry_entries  avia-builder-el-first  container_wrap fullsize'  style='height: 351px; max-width: 1410px; margin: 0 auto;'  ><\/div>\n\n<style type=\"text\/css\" data-created_by=\"avia_inline_auto\" id=\"style-css-av-lrovg6wy-121cc0541301493e1c1e6547585e6370\">\n#top .av-masonry.av-lrovg6wy-121cc0541301493e1c1e6547585e6370{\nbackground-color:#35383c;\n}\n<\/style>\n<div id='av-masonry-1' class='av-masonry av-lrovg6wy-121cc0541301493e1c1e6547585e6370 noHover av-flex-size av-large-gap av-hover-overlay-active av-masonry-animation-active av-masonry-col-5 av-caption-always av-caption-style- av-masonry-entries ' data-post_id=\"6681\"><div class=\"av-masonry-container isotope av-js-disabled\"><div class='av-masonry-entry isotope-item av-masonry-item-no-image '><\/div><a href=\"https:\/\/solvis.hr\/en\/reference\/se-vega-ats\/\"  id='av-masonry-1-item-15245' data-av-masonry-item='15245' class='av-masonry-entry isotope-item post-15245 portfolio type-portfolio status-publish has-post-thumbnail hentry portfolio_entries-croatia portfolio_entries-ista-and-shore  av-masonry-item-with-image' title=\"SE Vega ATS\"   itemscope=\"itemscope\" itemtype=\"https:\/\/schema.org\/CreativeWork\" ><div class='av-inner-masonry-sizer'><\/div><figure class='av-inner-masonry main_color'><div class=\"av-masonry-outerimage-container\"><div class='av-masonry-image-container'  ><img decoding=\"async\" width=\"400\" height=\"300\" fetchpriority=\"high\" class=\"wp-image-15242 avia-img-lazy-loading-not-15242\"  src=\"https:\/\/solvis.hr\/wp-content\/uploads\/2024\/12\/SOVLIS-Reference-Vega_ATS-400x300-1.jpg\" title=\"\" alt=\"SOVLIS-Reference-Vega_ATS-400x300\" srcset=\"https:\/\/solvis.hr\/wp-content\/uploads\/2024\/12\/SOVLIS-Reference-Vega_ATS-400x300-1.jpg 400w, https:\/\/solvis.hr\/wp-content\/uploads\/2024\/12\/SOVLIS-Reference-Vega_ATS-400x300-1-300x225.jpg 300w\" sizes=\"(max-width: 400px) 100vw, 400px\" \/><\/div><\/div><figcaption class='av-inner-masonry-content site-background'><div class='av-inner-masonry-content-pos'><div class='av-inner-masonry-content-pos-content'><div class='avia-arrow'><\/div><h3 class='av-masonry-entry-title entry-title '  itemprop=\"headline\" >SE Vega ATS<\/h3><\/div><\/div><\/figcaption><\/figure><\/a><!--end av-masonry entry--><a href=\"https:\/\/solvis.hr\/en\/reference\/se-digitron\/\"  id='av-masonry-1-item-15058' data-av-masonry-item='15058' class='av-masonry-entry isotope-item post-15058 portfolio type-portfolio status-publish has-post-thumbnail hentry portfolio_entries-croatia portfolio_entries-ista-and-shore  av-masonry-item-with-image' title=\"SE Digitron\"   itemscope=\"itemscope\" itemtype=\"https:\/\/schema.org\/CreativeWork\" ><div class='av-inner-masonry-sizer'><\/div><figure class='av-inner-masonry main_color'><div class=\"av-masonry-outerimage-container\"><div class='av-masonry-image-container'  ><img decoding=\"async\" width=\"400\" height=\"300\" fetchpriority=\"high\" class=\"wp-image-15054 avia-img-lazy-loading-not-15054\"  src=\"https:\/\/solvis.hr\/wp-content\/uploads\/2024\/07\/SOLVIS-Reference-SE_Digitron-400x300-1.jpg\" title=\"\" alt=\"SOLVIS-Reference-SE_Digitron-400x300\" srcset=\"https:\/\/solvis.hr\/wp-content\/uploads\/2024\/07\/SOLVIS-Reference-SE_Digitron-400x300-1.jpg 400w, https:\/\/solvis.hr\/wp-content\/uploads\/2024\/07\/SOLVIS-Reference-SE_Digitron-400x300-1-300x225.jpg 300w\" sizes=\"(max-width: 400px) 100vw, 400px\" \/><\/div><\/div><figcaption class='av-inner-masonry-content site-background'><div class='av-inner-masonry-content-pos'><div class='av-inner-masonry-content-pos-content'><div class='avia-arrow'><\/div><h3 class='av-masonry-entry-title entry-title '  itemprop=\"headline\" >SE Digitron<\/h3><\/div><\/div><\/figcaption><\/figure><\/a><!--end av-masonry entry--><a href=\"https:\/\/solvis.hr\/en\/reference\/se-pk-palfinger-kran\/\"  id='av-masonry-1-item-14718' data-av-masonry-item='14718' class='av-masonry-entry isotope-item post-14718 portfolio type-portfolio status-publish has-post-thumbnail hentry portfolio_entries-croatia portfolio_entries-ista-and-shore  av-masonry-item-with-image' title=\"SE PK &#8211; Palfinger Kran\"   itemscope=\"itemscope\" itemtype=\"https:\/\/schema.org\/CreativeWork\" ><div class='av-inner-masonry-sizer'><\/div><figure class='av-inner-masonry main_color'><div class=\"av-masonry-outerimage-container\"><div class='av-masonry-image-container'  ><img decoding=\"async\" width=\"400\" height=\"300\" fetchpriority=\"high\" class=\"wp-image-14715 avia-img-lazy-loading-not-14715\"  src=\"https:\/\/solvis.hr\/wp-content\/uploads\/2024\/04\/SOLVIS-Rederence-SE_Palfinger-400x300-1.jpg\" title=\"\" alt=\"SOLVIS-Reference-SE_Palfinger-400x300\" srcset=\"https:\/\/solvis.hr\/wp-content\/uploads\/2024\/04\/SOLVIS-Rederence-SE_Palfinger-400x300-1.jpg 400w, https:\/\/solvis.hr\/wp-content\/uploads\/2024\/04\/SOLVIS-Rederence-SE_Palfinger-400x300-1-300x225.jpg 300w\" sizes=\"(max-width: 400px) 100vw, 400px\" \/><\/div><\/div><figcaption class='av-inner-masonry-content site-background'><div class='av-inner-masonry-content-pos'><div class='av-inner-masonry-content-pos-content'><div class='avia-arrow'><\/div><h3 class='av-masonry-entry-title entry-title '  itemprop=\"headline\" >SE PK &#8211; Palfinger Kran<\/h3><\/div><\/div><\/figcaption><\/figure><\/a><!--end av-masonry entry--><a href=\"https:\/\/solvis.hr\/en\/reference\/se-c-a-k\/\"  id='av-masonry-1-item-13940' data-av-masonry-item='13940' class='av-masonry-entry isotope-item post-13940 portfolio type-portfolio status-publish has-post-thumbnail hentry portfolio_entries-croatia portfolio_entries-ista-and-shore  av-masonry-item-with-image' title=\"SOLVIS-SE_CAK-Reference-400&#215;300\"   itemscope=\"itemscope\" itemtype=\"https:\/\/schema.org\/CreativeWork\" ><div class='av-inner-masonry-sizer'><\/div><figure class='av-inner-masonry main_color'><div class=\"av-masonry-outerimage-container\"><div class='av-masonry-image-container'  ><img decoding=\"async\" width=\"400\" height=\"300\" fetchpriority=\"high\" class=\"wp-image-13937 avia-img-lazy-loading-not-13937\"  src=\"https:\/\/solvis.hr\/wp-content\/uploads\/2024\/01\/SOLVIS-SE_CAK-Reference-400x300-1.jpg\" title=\"SOLVIS-SE_CAK-Reference-400&#215;300\" alt=\"SOLVIS-SE_CAK-Reference-400x300\" srcset=\"https:\/\/solvis.hr\/wp-content\/uploads\/2024\/01\/SOLVIS-SE_CAK-Reference-400x300-1.jpg 400w, https:\/\/solvis.hr\/wp-content\/uploads\/2024\/01\/SOLVIS-SE_CAK-Reference-400x300-1-300x225.jpg 300w\" sizes=\"(max-width: 400px) 100vw, 400px\" \/><\/div><\/div><figcaption class='av-inner-masonry-content site-background'><div class='av-inner-masonry-content-pos'><div class='av-inner-masonry-content-pos-content'><div class='avia-arrow'><\/div><h3 class='av-masonry-entry-title entry-title '  itemprop=\"headline\" >SE C.A.K.<\/h3><\/div><\/div><\/figcaption><\/figure><\/a><!--end av-masonry entry--><a href=\"https:\/\/solvis.hr\/en\/reference\/se-marici\/\"  id='av-masonry-1-item-13927' data-av-masonry-item='13927' class='av-masonry-entry isotope-item post-13927 portfolio type-portfolio status-publish has-post-thumbnail hentry portfolio_entries-croatia portfolio_entries-ista-and-shore  av-masonry-item-with-image' title=\"Solvis-SE Marici-400&#215;300\"   itemscope=\"itemscope\" itemtype=\"https:\/\/schema.org\/CreativeWork\" ><div class='av-inner-masonry-sizer'><\/div><figure class='av-inner-masonry main_color'><div class=\"av-masonry-outerimage-container\"><div class='av-masonry-image-container'  ><img decoding=\"async\" width=\"400\" height=\"300\" fetchpriority=\"high\" class=\"wp-image-10916 avia-img-lazy-loading-not-10916\"  src=\"https:\/\/solvis.hr\/wp-content\/uploads\/2021\/10\/Solvis-SE-Marici-400x300-2.jpg\" title=\"Solvis-SE Marici-400&#215;300\" alt=\"\" srcset=\"https:\/\/solvis.hr\/wp-content\/uploads\/2021\/10\/Solvis-SE-Marici-400x300-2.jpg 400w, https:\/\/solvis.hr\/wp-content\/uploads\/2021\/10\/Solvis-SE-Marici-400x300-2-300x225.jpg 300w\" sizes=\"(max-width: 400px) 100vw, 400px\" \/><\/div><\/div><figcaption class='av-inner-masonry-content site-background'><div class='av-inner-masonry-content-pos'><div class='av-inner-masonry-content-pos-content'><div class='avia-arrow'><\/div><h3 class='av-masonry-entry-title entry-title '  itemprop=\"headline\" >SE Mari\u0107i<\/h3><\/div><\/div><\/figcaption><\/figure><\/a><!--end av-masonry entry--><a href=\"https:\/\/solvis.hr\/en\/reference\/se-kastelir-i-se-kastelir-ii\/\"  id='av-masonry-1-item-13919' data-av-masonry-item='13919' class='av-masonry-entry isotope-item post-13919 portfolio type-portfolio status-publish has-post-thumbnail hentry portfolio_entries-croatia portfolio_entries-ista-and-shore  av-masonry-item-with-image' title=\"SE Ka\u0161telir i SE Ka\u0161telir II\"   itemscope=\"itemscope\" itemtype=\"https:\/\/schema.org\/CreativeWork\" ><div class='av-inner-masonry-sizer'><\/div><figure class='av-inner-masonry main_color'><div class=\"av-masonry-outerimage-container\"><div class='av-masonry-image-container'  ><img decoding=\"async\" width=\"400\" height=\"300\" fetchpriority=\"high\" class=\"wp-image-10885 avia-img-lazy-loading-not-10885\"  src=\"https:\/\/solvis.hr\/wp-content\/uploads\/2021\/10\/Solvis-SE-Katelir-400x300-1.jpg\" title=\"SE Ka\u0161telir i SE Ka\u0161telir II\" alt=\"\" srcset=\"https:\/\/solvis.hr\/wp-content\/uploads\/2021\/10\/Solvis-SE-Katelir-400x300-1.jpg 400w, https:\/\/solvis.hr\/wp-content\/uploads\/2021\/10\/Solvis-SE-Katelir-400x300-1-300x225.jpg 300w\" sizes=\"(max-width: 400px) 100vw, 400px\" \/><\/div><\/div><figcaption class='av-inner-masonry-content site-background'><div class='av-inner-masonry-content-pos'><div class='av-inner-masonry-content-pos-content'><div class='avia-arrow'><\/div><h3 class='av-masonry-entry-title entry-title '  itemprop=\"headline\" >SE Ka\u0161telir i SE Ka\u0161telir II<\/h3><\/div><\/div><\/figcaption><\/figure><\/a><!--end av-masonry entry--><a href=\"https:\/\/solvis.hr\/en\/reference\/se-lokve\/\"  id='av-masonry-1-item-13909' data-av-masonry-item='13909' class='av-masonry-entry isotope-item post-13909 portfolio type-portfolio status-publish has-post-thumbnail hentry portfolio_entries-croatia portfolio_entries-ista-and-shore  av-masonry-item-with-image' title=\"SE Lokve\"   itemscope=\"itemscope\" itemtype=\"https:\/\/schema.org\/CreativeWork\" ><div class='av-inner-masonry-sizer'><\/div><figure class='av-inner-masonry main_color'><div class=\"av-masonry-outerimage-container\"><div class='av-masonry-image-container'  ><img decoding=\"async\" width=\"400\" height=\"300\" fetchpriority=\"high\" class=\"wp-image-10118 avia-img-lazy-loading-not-10118\"  src=\"https:\/\/solvis.hr\/wp-content\/uploads\/2019\/10\/SE-Lokve.jpg\" title=\"SE Lokve\" alt=\"Solvis-SE Lokve\" srcset=\"https:\/\/solvis.hr\/wp-content\/uploads\/2019\/10\/SE-Lokve.jpg 400w, https:\/\/solvis.hr\/wp-content\/uploads\/2019\/10\/SE-Lokve-300x225.jpg 300w\" sizes=\"(max-width: 400px) 100vw, 400px\" \/><\/div><\/div><figcaption class='av-inner-masonry-content site-background'><div class='av-inner-masonry-content-pos'><div class='av-inner-masonry-content-pos-content'><div class='avia-arrow'><\/div><h3 class='av-masonry-entry-title entry-title '  itemprop=\"headline\" >SE Lokve<\/h3><\/div><\/div><\/figcaption><\/figure><\/a><!--end av-masonry entry--><a href=\"https:\/\/solvis.hr\/en\/reference\/se-sabadin\/\"  id='av-masonry-1-item-13904' data-av-masonry-item='13904' class='av-masonry-entry isotope-item post-13904 portfolio type-portfolio status-publish has-post-thumbnail hentry portfolio_entries-croatia portfolio_entries-ista-and-shore  av-masonry-item-with-image' title=\"SE Sabadin\"   itemscope=\"itemscope\" itemtype=\"https:\/\/schema.org\/CreativeWork\" ><div class='av-inner-masonry-sizer'><\/div><figure class='av-inner-masonry main_color'><div class=\"av-masonry-outerimage-container\"><div class='av-masonry-image-container'  ><img decoding=\"async\" width=\"400\" height=\"300\" fetchpriority=\"high\" class=\"wp-image-7657 avia-img-lazy-loading-not-7657\"  src=\"https:\/\/solvis.hr\/wp-content\/uploads\/2019\/04\/Solvis-SE-Sabadin.jpg\" title=\"SE Sabadin\" alt=\"SOLVIS-se sabadin\" srcset=\"https:\/\/solvis.hr\/wp-content\/uploads\/2019\/04\/Solvis-SE-Sabadin.jpg 400w, https:\/\/solvis.hr\/wp-content\/uploads\/2019\/04\/Solvis-SE-Sabadin-300x225.jpg 300w\" sizes=\"(max-width: 400px) 100vw, 400px\" \/><\/div><\/div><figcaption class='av-inner-masonry-content site-background'><div class='av-inner-masonry-content-pos'><div class='av-inner-masonry-content-pos-content'><div class='avia-arrow'><\/div><h3 class='av-masonry-entry-title entry-title '  itemprop=\"headline\" >SE Sabadin<\/h3><\/div><\/div><\/figcaption><\/figure><\/a><!--end av-masonry entry--><a href=\"https:\/\/solvis.hr\/en\/reference\/se-os-zamet\/\"  id='av-masonry-1-item-13894' data-av-masonry-item='13894' class='av-masonry-entry isotope-item post-13894 portfolio type-portfolio status-publish has-post-thumbnail hentry portfolio_entries-croatia portfolio_entries-ista-and-shore  av-masonry-item-with-image' title=\"SE O\u0160 Zamet\"   itemscope=\"itemscope\" itemtype=\"https:\/\/schema.org\/CreativeWork\" ><div class='av-inner-masonry-sizer'><\/div><figure class='av-inner-masonry main_color'><div class=\"av-masonry-outerimage-container\"><div class='av-masonry-image-container'  ><img decoding=\"async\" width=\"400\" height=\"300\" fetchpriority=\"high\" class=\"wp-image-6687 avia-img-lazy-loading-not-6687\"  src=\"https:\/\/solvis.hr\/wp-content\/uploads\/2019\/03\/Solvis-SE-O\u0160-Zamet.jpg\" title=\"SE O\u0160 Zamet\" alt=\"\" srcset=\"https:\/\/solvis.hr\/wp-content\/uploads\/2019\/03\/Solvis-SE-O\u0160-Zamet.jpg 400w, https:\/\/solvis.hr\/wp-content\/uploads\/2019\/03\/Solvis-SE-O\u0160-Zamet-300x225.jpg 300w\" sizes=\"(max-width: 400px) 100vw, 400px\" \/><\/div><\/div><figcaption class='av-inner-masonry-content site-background'><div class='av-inner-masonry-content-pos'><div class='av-inner-masonry-content-pos-content'><div class='avia-arrow'><\/div><h3 class='av-masonry-entry-title entry-title '  itemprop=\"headline\" >SE O\u0160 Zamet<\/h3><\/div><\/div><\/figcaption><\/figure><\/a><!--end av-masonry entry--><a href=\"https:\/\/solvis.hr\/en\/reference\/se-ss-kralj-zvonimir\/\"  id='av-masonry-1-item-13884' data-av-masonry-item='13884' class='av-masonry-entry isotope-item post-13884 portfolio type-portfolio status-publish has-post-thumbnail hentry portfolio_entries-croatia portfolio_entries-ista-and-shore  av-masonry-item-with-image' title=\"SE S\u0160 kralj Zvonimir, Krk\"   itemscope=\"itemscope\" itemtype=\"https:\/\/schema.org\/CreativeWork\" ><div class='av-inner-masonry-sizer'><\/div><figure class='av-inner-masonry main_color'><div class=\"av-masonry-outerimage-container\"><div class='av-masonry-image-container'  ><img decoding=\"async\" width=\"400\" height=\"300\" fetchpriority=\"high\" class=\"wp-image-6685 avia-img-lazy-loading-not-6685\"  src=\"https:\/\/solvis.hr\/wp-content\/uploads\/2019\/03\/Solvis-SE-S\u0160-kralj-Zvonimir-Krk.jpg\" title=\"SE S\u0160 kralj Zvonimir, Krk\" alt=\"\" srcset=\"https:\/\/solvis.hr\/wp-content\/uploads\/2019\/03\/Solvis-SE-S\u0160-kralj-Zvonimir-Krk.jpg 400w, https:\/\/solvis.hr\/wp-content\/uploads\/2019\/03\/Solvis-SE-S\u0160-kralj-Zvonimir-Krk-300x225.jpg 300w\" sizes=\"(max-width: 400px) 100vw, 400px\" \/><\/div><\/div><figcaption class='av-inner-masonry-content site-background'><div class='av-inner-masonry-content-pos'><div class='av-inner-masonry-content-pos-content'><div class='avia-arrow'><\/div><h3 class='av-masonry-entry-title entry-title '  itemprop=\"headline\" >SE S\u0160 kralj Zvonimir<\/h3><\/div><\/div><\/figcaption><\/figure><\/a><!--end av-masonry entry--><a href=\"https:\/\/solvis.hr\/en\/reference\/se-dom-zdravlja-crikvenica\/\"  id='av-masonry-1-item-13877' data-av-masonry-item='13877' class='av-masonry-entry isotope-item post-13877 portfolio type-portfolio status-publish has-post-thumbnail hentry portfolio_entries-croatia portfolio_entries-ista-and-shore  av-masonry-item-with-image' title=\"SE Dom zdravlja Crikvenica\"   itemscope=\"itemscope\" itemtype=\"https:\/\/schema.org\/CreativeWork\" ><div class='av-inner-masonry-sizer'><\/div><figure class='av-inner-masonry main_color'><div class=\"av-masonry-outerimage-container\"><div class='av-masonry-image-container'  ><img decoding=\"async\" width=\"400\" height=\"300\" fetchpriority=\"high\" class=\"wp-image-6688 avia-img-lazy-loading-not-6688\"  src=\"https:\/\/solvis.hr\/wp-content\/uploads\/2019\/03\/Solvis-SE-Dom-zdravlja-Crikvenica.jpg\" title=\"\" alt=\"SE Dom zdravlja Crikvenica\" srcset=\"https:\/\/solvis.hr\/wp-content\/uploads\/2019\/03\/Solvis-SE-Dom-zdravlja-Crikvenica.jpg 400w, https:\/\/solvis.hr\/wp-content\/uploads\/2019\/03\/Solvis-SE-Dom-zdravlja-Crikvenica-300x225.jpg 300w\" sizes=\"(max-width: 400px) 100vw, 400px\" \/><\/div><\/div><figcaption class='av-inner-masonry-content site-background'><div class='av-inner-masonry-content-pos'><div class='av-inner-masonry-content-pos-content'><div class='avia-arrow'><\/div><h3 class='av-masonry-entry-title entry-title '  itemprop=\"headline\" >SE Dom zdravlja Crikvenica<\/h3><\/div><\/div><\/figcaption><\/figure><\/a><!--end av-masonry entry--><a href=\"https:\/\/solvis.hr\/en\/reference\/djecji-vrtic-srdoci\/\"  id='av-masonry-1-item-13864' data-av-masonry-item='13864' class='av-masonry-entry isotope-item post-13864 portfolio type-portfolio status-publish has-post-thumbnail hentry portfolio_entries-croatia portfolio_entries-ista-and-shore  av-masonry-item-with-image' title=\"Dje\u010dji vti\u0107 Srdo\u010di\"   itemscope=\"itemscope\" itemtype=\"https:\/\/schema.org\/CreativeWork\" ><div class='av-inner-masonry-sizer'><\/div><figure class='av-inner-masonry main_color'><div class=\"av-masonry-outerimage-container\"><div class='av-masonry-image-container'  ><img decoding=\"async\" width=\"400\" height=\"300\" fetchpriority=\"high\" class=\"wp-image-6690 avia-img-lazy-loading-not-6690\"  src=\"https:\/\/solvis.hr\/wp-content\/uploads\/2019\/03\/Solvis-Dje\u010dji-vti\u0107-Srdo\u010di.jpg\" title=\"Dje\u010dji vti\u0107 Srdo\u010di\" alt=\"\" srcset=\"https:\/\/solvis.hr\/wp-content\/uploads\/2019\/03\/Solvis-Dje\u010dji-vti\u0107-Srdo\u010di.jpg 400w, https:\/\/solvis.hr\/wp-content\/uploads\/2019\/03\/Solvis-Dje\u010dji-vti\u0107-Srdo\u010di-300x225.jpg 300w\" sizes=\"(max-width: 400px) 100vw, 400px\" \/><\/div><\/div><figcaption class='av-inner-masonry-content site-background'><div class='av-inner-masonry-content-pos'><div class='av-inner-masonry-content-pos-content'><div class='avia-arrow'><\/div><h3 class='av-masonry-entry-title entry-title '  itemprop=\"headline\" >Dje\u010dji vrti\u0107 Srdo\u010di<\/h3><\/div><\/div><\/figcaption><\/figure><\/a><!--end av-masonry entry--><\/div><\/div>\n\n<style type=\"text\/css\" data-created_by=\"avia_inline_auto\" id=\"style-css-av-jto6gxov-849a2e20b88168bd3cf8e1867ae024e8\">\n#top .hr.hr-invisible.av-jto6gxov-849a2e20b88168bd3cf8e1867ae024e8{\nheight:10px;\n}\n<\/style>\n<div  class='hr av-jto6gxov-849a2e20b88168bd3cf8e1867ae024e8 hr-invisible  avia-builder-el-2  el_after_av_masonry_entries  avia-builder-el-no-sibling '><span class='hr-inner '><span class=\"hr-inner-style\"><\/span><\/span><\/div>\n","protected":false},"excerpt":{"rendered":"","protected":false},"author":1,"featured_media":0,"parent":6542,"menu_order":0,"comment_status":"closed","ping_status":"closed","template":"","meta":{"footnotes":""},"class_list":["post-6681","page","type-page","status-publish","hentry"],"_links":{"self":[{"href":"https:\/\/solvis.hr\/en\/wp-json\/wp\/v2\/pages\/6681\/"}],"collection":[{"href":"https:\/\/solvis.hr\/en\/wp-json\/wp\/v2\/pages\/"}],"about":[{"href":"https:\/\/solvis.hr\/en\/wp-json\/wp\/v2\/types\/page\/"}],"author":[{"embeddable":true,"href":"https:\/\/solvis.hr\/en\/wp-json\/wp\/v2\/users\/1\/"}],"replies":[{"embeddable":true,"href":"https:\/\/solvis.hr\/en\/wp-json\/wp\/v2\/comments\/?post=6681"}],"version-history":[{"count":0,"href":"https:\/\/solvis.hr\/en\/wp-json\/wp\/v2\/pages\/6681\/revisions\/"}],"up":[{"embeddable":true,"href":"https:\/\/solvis.hr\/en\/wp-json\/wp\/v2\/pages\/6542\/"}],"wp:attachment":[{"href":"https:\/\/solvis.hr\/en\/wp-json\/wp\/v2\/media\/?parent=6681"}],"curies":[{"name":"wp","href":"https:\/\/api.w.org\/{rel}","templated":true}]}}